{"id":11712,"date":"2025-07-15T10:39:14","date_gmt":"2025-07-15T14:39:14","guid":{"rendered":"https:\/\/deltacapitalgroup.com\/tela-escocesa\/"},"modified":"2025-07-15T10:57:01","modified_gmt":"2025-07-15T14:57:01","slug":"tela-escocesa","status":"publish","type":"page","link":"https:\/\/deltacapitalgroup.com\/es\/tela-escocesa\/","title":{"rendered":"tela escocesa"},"content":{"rendered":"\t\t<div data-elementor-type=\"wp-page\" data-elementor-id=\"11712\" class=\"elementor elementor-11712 elementor-11702\" data-elementor-post-type=\"page\">\n\t\t\t\t<div class=\"elementor-element elementor-element-f25211a e-flex e-con-boxed e-con e-parent\" data-id=\"f25211a\" data-element_type=\"container\" data-e-type=\"container\" data-settings=\"{&quot;background_background&quot;:&quot;classic&quot;}\">\n\t\t\t\t\t<div class=\"e-con-inner\">\n\t\t\t\t<div class=\"elementor-element elementor-element-92cd2fc elementor-widget elementor-widget-theme-site-logo elementor-widget-image\" data-id=\"92cd2fc\" data-element_type=\"widget\" data-e-type=\"widget\" data-widget_type=\"theme-site-logo.default\">\n\t\t\t\t<div class=\"elementor-widget-container\">\n\t\t\t\t\t\t\t\t\t\t\t<a href=\"https:\/\/deltacapitalgroup.com\/es\/\">\n\t\t\t<img decoding=\"async\" width=\"178\" height=\"59\" src=\"https:\/\/deltacapitalgroup.com\/wp-content\/uploads\/2024\/09\/logo.svg\" class=\"attachment-full size-full wp-image-38\" alt=\"\" \/>\t\t\t\t<\/a>\n\t\t\t\t\t\t\t\t\t\t\t<\/div>\n\t\t\t\t<\/div>\n\t\t\t\t<div class=\"elementor-element elementor-element-5cf05c7 elementor-icon-list--layout-inline elementor-align-end elementor-mobile-align-center elementor-list-item-link-full_width elementor-widget elementor-widget-icon-list\" data-id=\"5cf05c7\" data-element_type=\"widget\" data-e-type=\"widget\" data-widget_type=\"icon-list.default\">\n\t\t\t\t<div class=\"elementor-widget-container\">\n\t\t\t\t\t\t\t<ul class=\"elementor-icon-list-items elementor-inline-items\">\n\t\t\t\t\t\t\t<li class=\"elementor-icon-list-item elementor-inline-item\">\n\t\t\t\t\t\t\t\t\t\t\t<a href=\"tel:8772301525\">\n\n\t\t\t\t\t\t\t\t\t\t\t\t<span class=\"elementor-icon-list-icon\">\n\t\t\t\t\t\t\t<svg aria-hidden=\"true\" class=\"e-font-icon-svg e-fas-phone-alt\" viewBox=\"0 0 512 512\" xmlns=\"http:\/\/www.w3.org\/2000\/svg\"><path d=\"M497.39 361.8l-112-48a24 24 0 0 0-28 6.9l-49.6 60.6A370.66 370.66 0 0 1 130.6 204.11l60.6-49.6a23.94 23.94 0 0 0 6.9-28l-48-112A24.16 24.16 0 0 0 122.6.61l-104 24A24 24 0 0 0 0 48c0 256.5 207.9 464 464 464a24 24 0 0 0 23.4-18.6l24-104a24.29 24.29 0 0 0-14.01-27.6z\"><\/path><\/svg>\t\t\t\t\t\t<\/span>\n\t\t\t\t\t\t\t\t\t\t<span class=\"elementor-icon-list-text\">(877) 230-1525<\/span>\n\t\t\t\t\t\t\t\t\t\t\t<\/a>\n\t\t\t\t\t\t\t\t\t<\/li>\n\t\t\t\t\t\t\t\t<li class=\"elementor-icon-list-item elementor-inline-item\">\n\t\t\t\t\t\t\t\t\t\t\t<a href=\"mailto:support@deltacapitalgroup.com\">\n\n\t\t\t\t\t\t\t\t\t\t\t\t<span class=\"elementor-icon-list-icon\">\n\t\t\t\t\t\t\t<svg aria-hidden=\"true\" class=\"e-font-icon-svg e-fas-envelope\" viewBox=\"0 0 512 512\" xmlns=\"http:\/\/www.w3.org\/2000\/svg\"><path d=\"M502.3 190.8c3.9-3.1 9.7-.2 9.7 4.7V400c0 26.5-21.5 48-48 48H48c-26.5 0-48-21.5-48-48V195.6c0-5 5.7-7.8 9.7-4.7 22.4 17.4 52.1 39.5 154.1 113.6 21.1 15.4 56.7 47.8 92.2 47.6 35.7.3 72-32.8 92.3-47.6 102-74.1 131.6-96.3 154-113.7zM256 320c23.2.4 56.6-29.2 73.4-41.4 132.7-96.3 142.8-104.7 173.4-128.7 5.8-4.5 9.2-11.5 9.2-18.9v-19c0-26.5-21.5-48-48-48H48C21.5 64 0 85.5 0 112v19c0 7.4 3.4 14.3 9.2 18.9 30.6 23.9 40.7 32.4 173.4 128.7 16.8 12.2 50.2 41.8 73.4 41.4z\"><\/path><\/svg>\t\t\t\t\t\t<\/span>\n\t\t\t\t\t\t\t\t\t\t<span class=\"elementor-icon-list-text\">support@deltacapitalgroup.com<\/span>\n\t\t\t\t\t\t\t\t\t\t\t<\/a>\n\t\t\t\t\t\t\t\t\t<\/li>\n\t\t\t\t\t\t<\/ul>\n\t\t\t\t\t\t<\/div>\n\t\t\t\t<\/div>\n\t\t\t\t\t<\/div>\n\t\t\t\t<\/div>\n\t\t<div class=\"elementor-element elementor-element-1619805 e-flex e-con-boxed e-con e-parent\" data-id=\"1619805\" data-element_type=\"container\" data-e-type=\"container\" data-settings=\"{&quot;background_background&quot;:&quot;classic&quot;}\">\n\t\t\t\t\t<div class=\"e-con-inner\">\n\t\t<div class=\"elementor-element elementor-element-209e174 e-con-full e-flex e-con e-child\" data-id=\"209e174\" data-element_type=\"container\" data-e-type=\"container\" data-settings=\"{&quot;background_background&quot;:&quot;classic&quot;}\">\n\t\t\t\t<div class=\"elementor-element elementor-element-0ce978d elementor-widget elementor-widget-image\" data-id=\"0ce978d\" data-element_type=\"widget\" data-e-type=\"widget\" data-widget_type=\"image.default\">\n\t\t\t\t<div class=\"elementor-widget-container\">\n\t\t\t\t\t\t\t\t\t\t\t\t\t\t\t<img decoding=\"async\" width=\"126\" height=\"48\" src=\"https:\/\/deltacapitalgroup.com\/wp-content\/uploads\/2025\/05\/logo.svg\" class=\"attachment-medium size-medium wp-image-11215\" alt=\"\" \/>\t\t\t\t\t\t\t\t\t\t\t\t\t\t\t<\/div>\n\t\t\t\t<\/div>\n\t\t\t\t<div class=\"elementor-element elementor-element-d86876d elementor-widget elementor-widget-heading\" data-id=\"d86876d\" data-element_type=\"widget\" data-e-type=\"widget\" data-widget_type=\"heading.default\">\n\t\t\t\t<div class=\"elementor-widget-container\">\n\t\t\t\t\t<h2 class=\"elementor-heading-title elementor-size-default\">Conectar con Plaid\n<\/h2>\t\t\t\t<\/div>\n\t\t\t\t<\/div>\n\t\t\t\t<div class=\"elementor-element elementor-element-596014f elementor-widget elementor-widget-heading\" data-id=\"596014f\" data-element_type=\"widget\" data-e-type=\"widget\" data-widget_type=\"heading.default\">\n\t\t\t\t<div class=\"elementor-widget-container\">\n\t\t\t\t\t<h5 class=\"elementor-heading-title elementor-size-default\">Plaid te permite vincular de forma segura tu cuenta bancaria en cuesti\u00f3n de segundos. Nunca vemos tus credenciales, s\u00f3lo los datos necesarios para que tu solicitud avance de forma r\u00e1pida y segura. \n\n<\/h5>\t\t\t\t<\/div>\n\t\t\t\t<\/div>\n\t\t<div class=\"elementor-element elementor-element-0be58f4 e-con-full e-flex e-con e-child\" data-id=\"0be58f4\" data-element_type=\"container\" data-e-type=\"container\">\n\t\t\t\t<div class=\"elementor-element elementor-element-85e6ebd elementor-widget elementor-widget-shortcode\" data-id=\"85e6ebd\" data-element_type=\"widget\" data-e-type=\"widget\" data-widget_type=\"shortcode.default\">\n\t\t\t\t<div class=\"elementor-widget-container\">\n\t\t\t\t\t\t\t<div class=\"elementor-shortcode\">        <style>\n            #plaid-loading-screen {\n                position: fixed;\n                top: 0; left: 0;\n                width: 100%; height: 100%;\n                background: rgba(0,0,0,0.6);\n                display: none;\n                flex-direction: column;\n                align-items: center;\n                justify-content: center;\n                z-index: 9999;\n                font-family: Arial, sans-serif;\n            }\n            .spinner {\n                border: 6px solid #f3f3f3;\n                border-top: 6px solid #3498db;\n                border-radius: 50%;\n                width: 50px;\n                height: 50px;\n                animation: spin 1s linear infinite;\n                margin-bottom: 10px;\n            }\n            .loading-text {\n                font-size: 18px;\n                color: #fff;\n            }\n            @keyframes spin {\n                0% { transform: rotate(0deg); }\n                100% { transform: rotate(360deg); }\n            }\n        <\/style>\n\n        <div id=\"plaid-loading-screen\">\n\t\t\t<div class=\"spinner\"><\/div>\n\t\t\t<div class=\"loading-text\">\n\t\t\t\tSecurely linking your bank \u2014 please wait.\t\t\t<\/div>\n\t\t<\/div>\n\n\t\t<button id=\"plaid-connect-button\" type=\"button\" role=\"button\" class=\"elementor-button\"  >\n\t\t\tConnect Your Bank Account\t\t<\/button>\n\n        \n<\/div>\n\t\t\t\t\t\t<\/div>\n\t\t\t\t<\/div>\n\t\t\t\t<\/div>\n\t\t\t\t<div class=\"elementor-element elementor-element-67b8d24 elementor-icon-list--layout-inline elementor-list-item-link-full_width elementor-widget elementor-widget-icon-list\" data-id=\"67b8d24\" data-element_type=\"widget\" data-e-type=\"widget\" data-widget_type=\"icon-list.default\">\n\t\t\t\t<div class=\"elementor-widget-container\">\n\t\t\t\t\t\t\t<ul class=\"elementor-icon-list-items elementor-inline-items\">\n\t\t\t\t\t\t\t<li class=\"elementor-icon-list-item elementor-inline-item\">\n\t\t\t\t\t\t\t\t\t\t\t<span class=\"elementor-icon-list-icon\">\n\t\t\t\t\t\t\t<svg aria-hidden=\"true\" class=\"e-font-icon-svg e-fas-check-circle\" viewBox=\"0 0 512 512\" xmlns=\"http:\/\/www.w3.org\/2000\/svg\"><path d=\"M504 256c0 136.967-111.033 248-248 248S8 392.967 8 256 119.033 8 256 8s248 111.033 248 248zM227.314 387.314l184-184c6.248-6.248 6.248-16.379 0-22.627l-22.627-22.627c-6.248-6.249-16.379-6.249-22.628 0L216 308.118l-70.059-70.059c-6.248-6.248-16.379-6.248-22.628 0l-22.627 22.627c-6.248 6.248-6.248 16.379 0 22.627l104 104c6.249 6.249 16.379 6.249 22.628.001z\"><\/path><\/svg>\t\t\t\t\t\t<\/span>\n\t\t\t\t\t\t\t\t\t\t<span class=\"elementor-icon-list-text\">Vincula de forma segura tu cuenta bancaria en segundos<\/span>\n\t\t\t\t\t\t\t\t\t<\/li>\n\t\t\t\t\t\t\t\t<li class=\"elementor-icon-list-item elementor-inline-item\">\n\t\t\t\t\t\t\t\t\t\t\t<span class=\"elementor-icon-list-icon\">\n\t\t\t\t\t\t\t<svg aria-hidden=\"true\" class=\"e-font-icon-svg e-fas-check-circle\" viewBox=\"0 0 512 512\" xmlns=\"http:\/\/www.w3.org\/2000\/svg\"><path d=\"M504 256c0 136.967-111.033 248-248 248S8 392.967 8 256 119.033 8 256 8s248 111.033 248 248zM227.314 387.314l184-184c6.248-6.248 6.248-16.379 0-22.627l-22.627-22.627c-6.248-6.249-16.379-6.249-22.628 0L216 308.118l-70.059-70.059c-6.248-6.248-16.379-6.248-22.628 0l-22.627 22.627c-6.248 6.248-6.248 16.379 0 22.627l104 104c6.249 6.249 16.379 6.249 22.628.001z\"><\/path><\/svg>\t\t\t\t\t\t<\/span>\n\t\t\t\t\t\t\t\t\t\t<span class=\"elementor-icon-list-text\">Verifica los ingresos y el flujo de caja al instante<\/span>\n\t\t\t\t\t\t\t\t\t<\/li>\n\t\t\t\t\t\t\t\t<li class=\"elementor-icon-list-item elementor-inline-item\">\n\t\t\t\t\t\t\t\t\t\t\t<span class=\"elementor-icon-list-icon\">\n\t\t\t\t\t\t\t<svg aria-hidden=\"true\" class=\"e-font-icon-svg e-fas-check-circle\" viewBox=\"0 0 512 512\" xmlns=\"http:\/\/www.w3.org\/2000\/svg\"><path d=\"M504 256c0 136.967-111.033 248-248 248S8 392.967 8 256 119.033 8 256 8s248 111.033 248 248zM227.314 387.314l184-184c6.248-6.248 6.248-16.379 0-22.627l-22.627-22.627c-6.248-6.249-16.379-6.249-22.628 0L216 308.118l-70.059-70.059c-6.248-6.248-16.379-6.248-22.628 0l-22.627 22.627c-6.248 6.248-6.248 16.379 0 22.627l104 104c6.249 6.249 16.379 6.249 22.628.001z\"><\/path><\/svg>\t\t\t\t\t\t<\/span>\n\t\t\t\t\t\t\t\t\t\t<span class=\"elementor-icon-list-text\">Confirma autom\u00e1ticamente la titularidad de la cuenta<\/span>\n\t\t\t\t\t\t\t\t\t<\/li>\n\t\t\t\t\t\t\t\t<li class=\"elementor-icon-list-item elementor-inline-item\">\n\t\t\t\t\t\t\t\t\t\t\t<span class=\"elementor-icon-list-icon\">\n\t\t\t\t\t\t\t<svg aria-hidden=\"true\" class=\"e-font-icon-svg e-fas-check-circle\" viewBox=\"0 0 512 512\" xmlns=\"http:\/\/www.w3.org\/2000\/svg\"><path d=\"M504 256c0 136.967-111.033 248-248 248S8 392.967 8 256 119.033 8 256 8s248 111.033 248 248zM227.314 387.314l184-184c6.248-6.248 6.248-16.379 0-22.627l-22.627-22.627c-6.248-6.249-16.379-6.249-22.628 0L216 308.118l-70.059-70.059c-6.248-6.248-16.379-6.248-22.628 0l-22.627 22.627c-6.248 6.248-6.248 16.379 0 22.627l104 104c6.249 6.249 16.379 6.249 22.628.001z\"><\/path><\/svg>\t\t\t\t\t\t<\/span>\n\t\t\t\t\t\t\t\t\t\t<span class=\"elementor-icon-list-text\">Acelera las decisiones de financiaci\u00f3n<\/span>\n\t\t\t\t\t\t\t\t\t<\/li>\n\t\t\t\t\t\t\t\t<li class=\"elementor-icon-list-item elementor-inline-item\">\n\t\t\t\t\t\t\t\t\t\t\t<span class=\"elementor-icon-list-icon\">\n\t\t\t\t\t\t\t<svg aria-hidden=\"true\" class=\"e-font-icon-svg e-fas-check-circle\" viewBox=\"0 0 512 512\" xmlns=\"http:\/\/www.w3.org\/2000\/svg\"><path d=\"M504 256c0 136.967-111.033 248-248 248S8 392.967 8 256 119.033 8 256 8s248 111.033 248 248zM227.314 387.314l184-184c6.248-6.248 6.248-16.379 0-22.627l-22.627-22.627c-6.248-6.249-16.379-6.249-22.628 0L216 308.118l-70.059-70.059c-6.248-6.248-16.379-6.248-22.628 0l-22.627 22.627c-6.248 6.248-6.248 16.379 0 22.627l104 104c6.249 6.249 16.379 6.249 22.628.001z\"><\/path><\/svg>\t\t\t\t\t\t<\/span>\n\t\t\t\t\t\t\t\t\t\t<span class=\"elementor-icon-list-text\">Compatible con la mayor\u00eda de los principales bancos de EE.UU.<\/span>\n\t\t\t\t\t\t\t\t\t<\/li>\n\t\t\t\t\t\t\t\t<li class=\"elementor-icon-list-item elementor-inline-item\">\n\t\t\t\t\t\t\t\t\t\t\t<span class=\"elementor-icon-list-icon\">\n\t\t\t\t\t\t\t<svg aria-hidden=\"true\" class=\"e-font-icon-svg e-fas-check-circle\" viewBox=\"0 0 512 512\" xmlns=\"http:\/\/www.w3.org\/2000\/svg\"><path d=\"M504 256c0 136.967-111.033 248-248 248S8 392.967 8 256 119.033 8 256 8s248 111.033 248 248zM227.314 387.314l184-184c6.248-6.248 6.248-16.379 0-22.627l-22.627-22.627c-6.248-6.249-16.379-6.249-22.628 0L216 308.118l-70.059-70.059c-6.248-6.248-16.379-6.248-22.628 0l-22.627 22.627c-6.248 6.248-6.248 16.379 0 22.627l104 104c6.249 6.249 16.379 6.249 22.628.001z\"><\/path><\/svg>\t\t\t\t\t\t<\/span>\n\t\t\t\t\t\t\t\t\t\t<span class=\"elementor-icon-list-text\">reduce los retrasos en la tramitaci\u00f3n<\/span>\n\t\t\t\t\t\t\t\t\t<\/li>\n\t\t\t\t\t\t<\/ul>\n\t\t\t\t\t\t<\/div>\n\t\t\t\t<\/div>\n\t\t\t\t<\/div>\n\t\t<div class=\"elementor-element elementor-element-3747add e-con-full e-flex e-con e-child\" data-id=\"3747add\" data-element_type=\"container\" data-e-type=\"container\" data-settings=\"{&quot;background_background&quot;:&quot;classic&quot;}\">\n\t\t\t\t<div class=\"elementor-element elementor-element-d74589c elementor-align-center elementor-icon-list--layout-traditional elementor-list-item-link-full_width elementor-widget elementor-widget-icon-list\" data-id=\"d74589c\" data-element_type=\"widget\" data-e-type=\"widget\" data-widget_type=\"icon-list.default\">\n\t\t\t\t<div class=\"elementor-widget-container\">\n\t\t\t\t\t\t\t<ul class=\"elementor-icon-list-items\">\n\t\t\t\t\t\t\t<li class=\"elementor-icon-list-item\">\n\t\t\t\t\t\t\t\t\t\t\t<span class=\"elementor-icon-list-icon\">\n\t\t\t\t\t\t\t<svg aria-hidden=\"true\" class=\"e-font-icon-svg e-fas-shield-alt\" viewBox=\"0 0 512 512\" xmlns=\"http:\/\/www.w3.org\/2000\/svg\"><path d=\"M466.5 83.7l-192-80a48.15 48.15 0 0 0-36.9 0l-192 80C27.7 91.1 16 108.6 16 128c0 198.5 114.5 335.7 221.5 380.3 11.8 4.9 25.1 4.9 36.9 0C360.1 472.6 496 349.3 496 128c0-19.4-11.7-36.9-29.5-44.3zM256.1 446.3l-.1-381 175.9 73.3c-3.3 151.4-82.1 261.1-175.8 307.7z\"><\/path><\/svg>\t\t\t\t\t\t<\/span>\n\t\t\t\t\t\t\t\t\t\t<span class=\"elementor-icon-list-text\">Tus documentos est\u00e1n protegidos con encriptaci\u00f3n de nivel bancario<\/span>\n\t\t\t\t\t\t\t\t\t<\/li>\n\t\t\t\t\t\t<\/ul>\n\t\t\t\t\t\t<\/div>\n\t\t\t\t<\/div>\n\t\t\t\t<\/div>\n\t\t<div class=\"elementor-element elementor-element-8d493ae e-con-full e-flex e-con e-child\" data-id=\"8d493ae\" data-element_type=\"container\" data-e-type=\"container\">\n\t\t\t\t<div class=\"elementor-element elementor-element-e478064 elementor-widget elementor-widget-html\" data-id=\"e478064\" data-element_type=\"widget\" data-e-type=\"widget\" data-widget_type=\"html.default\">\n\t\t\t\t<div class=\"elementor-widget-container\">\n\t\t\t\t\t<!-- TrustBox widget - Carousel -->\n<div class=\"trustpilot-widget\" data-locale=\"en-US\" data-template-id=\"53aa8912dec7e10d38f59f36\" data-businessunit-id=\"570e771e0000ff00058b78aa\" data-style-height=\"140px\" data-style-width=\"100%\" data-stars=\"4,5\" data-review-languages=\"en\">\n  <a href=\"https:\/\/www.trustpilot.com\/review\/deltacapitalgroup.com\" target=\"_blank\" rel=\"noopener\">Trustpilot<\/a>\n<\/div>\n<!-- End TrustBox widget -->\t\t\t\t<\/div>\n\t\t\t\t<\/div>\n\t\t\t\t<\/div>\n\t\t\t\t\t<\/div>\n\t\t\t\t<\/div>\n\t\t\t\t<\/div>\n\t\t","protected":false},"excerpt":{"rendered":"<p>(877) 230-1525 support@deltacapitalgroup.com Conectar con Plaid Plaid te permite vincular de forma segura tu cuenta bancaria en cuesti\u00f3n de segundos. Nunca vemos tus credenciales, s\u00f3lo los datos necesarios para que tu solicitud avance de forma r\u00e1pida y segura. Vincula de forma segura tu cuenta bancaria en segundos Verifica los ingresos y el flujo de caja [&hellip;]<\/p>\n","protected":false},"author":5,"featured_media":0,"parent":0,"menu_order":0,"comment_status":"closed","ping_status":"closed","template":"elementor_canvas","meta":{"_acf_changed":false,"footnotes":""},"class_list":["post-11712","page","type-page","status-publish","hentry"],"acf":{"assign_team":"yes","representatives":["5078","5112","5115","5855","4940","5114"]},"yoast_head":"<!-- This site is optimized with the Yoast SEO plugin v27.4 - https:\/\/yoast.com\/product\/yoast-seo-wordpress\/ -->\n<title>tela escocesa - Delta Capital Group<\/title>\n<meta name=\"robots\" content=\"index, follow, max-snippet:-1, max-image-preview:large, max-video-preview:-1\" \/>\n<link rel=\"canonical\" href=\"https:\/\/deltacapitalgroup.com\/es\/tela-escocesa\/\" \/>\n<meta property=\"og:locale\" content=\"es_ES\" \/>\n<meta property=\"og:type\" content=\"article\" \/>\n<meta property=\"og:title\" content=\"tela escocesa - Delta Capital Group\" \/>\n<meta property=\"og:description\" content=\"(877) 230-1525 support@deltacapitalgroup.com Conectar con Plaid Plaid te permite vincular de forma segura tu cuenta bancaria en cuesti\u00f3n de segundos. Nunca vemos tus credenciales, s\u00f3lo los datos necesarios para que tu solicitud avance de forma r\u00e1pida y segura. Vincula de forma segura tu cuenta bancaria en segundos Verifica los ingresos y el flujo de caja [&hellip;]\" \/>\n<meta property=\"og:url\" content=\"https:\/\/deltacapitalgroup.com\/es\/tela-escocesa\/\" \/>\n<meta property=\"og:site_name\" content=\"Delta Capital Group\" \/>\n<meta property=\"article:publisher\" content=\"https:\/\/facebook.com\/deltacapitalgrp\" \/>\n<meta property=\"article:modified_time\" content=\"2025-07-15T14:57:01+00:00\" \/>\n<meta name=\"twitter:card\" content=\"summary_large_image\" \/>\n<meta name=\"twitter:label1\" content=\"Tiempo de lectura\" \/>\n\t<meta name=\"twitter:data1\" content=\"1 minuto\" \/>\n<script type=\"application\/ld+json\" class=\"yoast-schema-graph\">{\"@context\":\"https:\\\/\\\/schema.org\",\"@graph\":[{\"@type\":\"WebPage\",\"@id\":\"https:\\\/\\\/deltacapitalgroup.com\\\/es\\\/tela-escocesa\\\/\",\"url\":\"https:\\\/\\\/deltacapitalgroup.com\\\/es\\\/tela-escocesa\\\/\",\"name\":\"tela escocesa - Delta Capital Group\",\"isPartOf\":{\"@id\":\"https:\\\/\\\/deltacapitalgroup.com\\\/es\\\/#website\"},\"primaryImageOfPage\":{\"@id\":\"https:\\\/\\\/deltacapitalgroup.com\\\/es\\\/tela-escocesa\\\/#primaryimage\"},\"image\":{\"@id\":\"https:\\\/\\\/deltacapitalgroup.com\\\/es\\\/tela-escocesa\\\/#primaryimage\"},\"thumbnailUrl\":\"https:\\\/\\\/deltacapitalgroup.com\\\/wp-content\\\/uploads\\\/2025\\\/05\\\/logo.svg\",\"datePublished\":\"2025-07-15T14:39:14+00:00\",\"dateModified\":\"2025-07-15T14:57:01+00:00\",\"breadcrumb\":{\"@id\":\"https:\\\/\\\/deltacapitalgroup.com\\\/es\\\/tela-escocesa\\\/#breadcrumb\"},\"inLanguage\":\"es\",\"potentialAction\":[{\"@type\":\"ReadAction\",\"target\":[\"https:\\\/\\\/deltacapitalgroup.com\\\/es\\\/tela-escocesa\\\/\"]}]},{\"@type\":\"ImageObject\",\"inLanguage\":\"es\",\"@id\":\"https:\\\/\\\/deltacapitalgroup.com\\\/es\\\/tela-escocesa\\\/#primaryimage\",\"url\":\"https:\\\/\\\/deltacapitalgroup.com\\\/wp-content\\\/uploads\\\/2025\\\/05\\\/logo.svg\",\"contentUrl\":\"https:\\\/\\\/deltacapitalgroup.com\\\/wp-content\\\/uploads\\\/2025\\\/05\\\/logo.svg\"},{\"@type\":\"BreadcrumbList\",\"@id\":\"https:\\\/\\\/deltacapitalgroup.com\\\/es\\\/tela-escocesa\\\/#breadcrumb\",\"itemListElement\":[{\"@type\":\"ListItem\",\"position\":1,\"name\":\"Inicio\",\"item\":\"https:\\\/\\\/deltacapitalgroup.com\\\/es\\\/inicio\\\/\"},{\"@type\":\"ListItem\",\"position\":2,\"name\":\"tela escocesa\"}]},{\"@type\":\"WebSite\",\"@id\":\"https:\\\/\\\/deltacapitalgroup.com\\\/es\\\/#website\",\"url\":\"https:\\\/\\\/deltacapitalgroup.com\\\/es\\\/\",\"name\":\"Delta Capital Group\",\"description\":\"\",\"publisher\":{\"@id\":\"https:\\\/\\\/deltacapitalgroup.com\\\/es\\\/#organization\"},\"potentialAction\":[{\"@type\":\"SearchAction\",\"target\":{\"@type\":\"EntryPoint\",\"urlTemplate\":\"https:\\\/\\\/deltacapitalgroup.com\\\/es\\\/?s={search_term_string}\"},\"query-input\":{\"@type\":\"PropertyValueSpecification\",\"valueRequired\":true,\"valueName\":\"search_term_string\"}}],\"inLanguage\":\"es\"},{\"@type\":\"Organization\",\"@id\":\"https:\\\/\\\/deltacapitalgroup.com\\\/es\\\/#organization\",\"name\":\"Grupo Delta Capital\",\"url\":\"https:\\\/\\\/deltacapitalgroup.com\\\/es\\\/\",\"logo\":{\"@type\":\"ImageObject\",\"inLanguage\":\"es\",\"@id\":\"https:\\\/\\\/deltacapitalgroup.com\\\/es\\\/#\\\/schema\\\/logo\\\/image\\\/\",\"url\":\"https:\\\/\\\/deltacapitalgroup.com\\\/wp-content\\\/uploads\\\/2025\\\/08\\\/Delta-capital-Original-Color-scaled.png\",\"contentUrl\":\"https:\\\/\\\/deltacapitalgroup.com\\\/wp-content\\\/uploads\\\/2025\\\/08\\\/Delta-capital-Original-Color-scaled.png\",\"width\":2560,\"height\":850,\"caption\":\"Grupo Delta Capital\"},\"image\":{\"@id\":\"https:\\\/\\\/deltacapitalgroup.com\\\/es\\\/#\\\/schema\\\/logo\\\/image\\\/\"},\"sameAs\":[\"https:\\\/\\\/facebook.com\\\/deltacapitalgrp\"]}]}<\/script>\n<!-- \/ Yoast SEO plugin. -->","yoast_head_json":{"title":"tela escocesa - Delta Capital Group","robots":{"index":"index","follow":"follow","max-snippet":"max-snippet:-1","max-image-preview":"max-image-preview:large","max-video-preview":"max-video-preview:-1"},"canonical":"https:\/\/deltacapitalgroup.com\/es\/tela-escocesa\/","og_locale":"es_ES","og_type":"article","og_title":"tela escocesa - Delta Capital Group","og_description":"(877) 230-1525 support@deltacapitalgroup.com Conectar con Plaid Plaid te permite vincular de forma segura tu cuenta bancaria en cuesti\u00f3n de segundos. Nunca vemos tus credenciales, s\u00f3lo los datos necesarios para que tu solicitud avance de forma r\u00e1pida y segura. Vincula de forma segura tu cuenta bancaria en segundos Verifica los ingresos y el flujo de caja [&hellip;]","og_url":"https:\/\/deltacapitalgroup.com\/es\/tela-escocesa\/","og_site_name":"Delta Capital Group","article_publisher":"https:\/\/facebook.com\/deltacapitalgrp","article_modified_time":"2025-07-15T14:57:01+00:00","twitter_card":"summary_large_image","twitter_misc":{"Tiempo de lectura":"1 minuto"},"schema":{"@context":"https:\/\/schema.org","@graph":[{"@type":"WebPage","@id":"https:\/\/deltacapitalgroup.com\/es\/tela-escocesa\/","url":"https:\/\/deltacapitalgroup.com\/es\/tela-escocesa\/","name":"tela escocesa - Delta Capital Group","isPartOf":{"@id":"https:\/\/deltacapitalgroup.com\/es\/#website"},"primaryImageOfPage":{"@id":"https:\/\/deltacapitalgroup.com\/es\/tela-escocesa\/#primaryimage"},"image":{"@id":"https:\/\/deltacapitalgroup.com\/es\/tela-escocesa\/#primaryimage"},"thumbnailUrl":"https:\/\/deltacapitalgroup.com\/wp-content\/uploads\/2025\/05\/logo.svg","datePublished":"2025-07-15T14:39:14+00:00","dateModified":"2025-07-15T14:57:01+00:00","breadcrumb":{"@id":"https:\/\/deltacapitalgroup.com\/es\/tela-escocesa\/#breadcrumb"},"inLanguage":"es","potentialAction":[{"@type":"ReadAction","target":["https:\/\/deltacapitalgroup.com\/es\/tela-escocesa\/"]}]},{"@type":"ImageObject","inLanguage":"es","@id":"https:\/\/deltacapitalgroup.com\/es\/tela-escocesa\/#primaryimage","url":"https:\/\/deltacapitalgroup.com\/wp-content\/uploads\/2025\/05\/logo.svg","contentUrl":"https:\/\/deltacapitalgroup.com\/wp-content\/uploads\/2025\/05\/logo.svg"},{"@type":"BreadcrumbList","@id":"https:\/\/deltacapitalgroup.com\/es\/tela-escocesa\/#breadcrumb","itemListElement":[{"@type":"ListItem","position":1,"name":"Inicio","item":"https:\/\/deltacapitalgroup.com\/es\/inicio\/"},{"@type":"ListItem","position":2,"name":"tela escocesa"}]},{"@type":"WebSite","@id":"https:\/\/deltacapitalgroup.com\/es\/#website","url":"https:\/\/deltacapitalgroup.com\/es\/","name":"Delta Capital Group","description":"","publisher":{"@id":"https:\/\/deltacapitalgroup.com\/es\/#organization"},"potentialAction":[{"@type":"SearchAction","target":{"@type":"EntryPoint","urlTemplate":"https:\/\/deltacapitalgroup.com\/es\/?s={search_term_string}"},"query-input":{"@type":"PropertyValueSpecification","valueRequired":true,"valueName":"search_term_string"}}],"inLanguage":"es"},{"@type":"Organization","@id":"https:\/\/deltacapitalgroup.com\/es\/#organization","name":"Grupo Delta Capital","url":"https:\/\/deltacapitalgroup.com\/es\/","logo":{"@type":"ImageObject","inLanguage":"es","@id":"https:\/\/deltacapitalgroup.com\/es\/#\/schema\/logo\/image\/","url":"https:\/\/deltacapitalgroup.com\/wp-content\/uploads\/2025\/08\/Delta-capital-Original-Color-scaled.png","contentUrl":"https:\/\/deltacapitalgroup.com\/wp-content\/uploads\/2025\/08\/Delta-capital-Original-Color-scaled.png","width":2560,"height":850,"caption":"Grupo Delta Capital"},"image":{"@id":"https:\/\/deltacapitalgroup.com\/es\/#\/schema\/logo\/image\/"},"sameAs":["https:\/\/facebook.com\/deltacapitalgrp"]}]}},"_links":{"self":[{"href":"https:\/\/deltacapitalgroup.com\/es\/wp-json\/wp\/v2\/pages\/11712","targetHints":{"allow":["GET"]}}],"collection":[{"href":"https:\/\/deltacapitalgroup.com\/es\/wp-json\/wp\/v2\/pages"}],"about":[{"href":"https:\/\/deltacapitalgroup.com\/es\/wp-json\/wp\/v2\/types\/page"}],"author":[{"embeddable":true,"href":"https:\/\/deltacapitalgroup.com\/es\/wp-json\/wp\/v2\/users\/5"}],"replies":[{"embeddable":true,"href":"https:\/\/deltacapitalgroup.com\/es\/wp-json\/wp\/v2\/comments?post=11712"}],"version-history":[{"count":2,"href":"https:\/\/deltacapitalgroup.com\/es\/wp-json\/wp\/v2\/pages\/11712\/revisions"}],"predecessor-version":[{"id":11724,"href":"https:\/\/deltacapitalgroup.com\/es\/wp-json\/wp\/v2\/pages\/11712\/revisions\/11724"}],"wp:attachment":[{"href":"https:\/\/deltacapitalgroup.com\/es\/wp-json\/wp\/v2\/media?parent=11712"}],"curies":[{"name":"wp","href":"https:\/\/api.w.org\/{rel}","templated":true}]}}