{"id":11460,"date":"2024-11-08T05:35:53","date_gmt":"2024-11-08T10:35:53","guid":{"rendered":"https:\/\/deltacapitalgroup.com\/condiciones-del-servicio\/"},"modified":"2025-07-10T22:26:37","modified_gmt":"2025-07-11T02:26:37","slug":"condiciones-del-servicio","status":"publish","type":"page","link":"https:\/\/deltacapitalgroup.com\/es\/condiciones-del-servicio\/","title":{"rendered":"Condiciones del servicio"},"content":{"rendered":"\t\t<div data-elementor-type=\"wp-page\" data-elementor-id=\"11460\" class=\"elementor elementor-11460 elementor-3612\" data-elementor-post-type=\"page\">\n\t\t\t\t<div class=\"elementor-element elementor-element-579167a e-flex e-con-boxed e-con e-parent\" data-id=\"579167a\" data-element_type=\"container\" data-e-type=\"container\" data-settings=\"{&quot;background_background&quot;:&quot;classic&quot;}\">\n\t\t\t\t\t<div class=\"e-con-inner\">\n\t\t\t\t<div class=\"elementor-element elementor-element-c73bf61 elementor-align-center elementor-widget elementor-widget-breadcrumbs\" data-id=\"c73bf61\" data-element_type=\"widget\" data-e-type=\"widget\" data-widget_type=\"breadcrumbs.default\">\n\t\t\t\t<div class=\"elementor-widget-container\">\n\t\t\t\t\t<p id=\"breadcrumbs\"><span><span><a href=\"https:\/\/deltacapitalgroup.com\/es\/inicio\/\">Inicio<\/a><\/span><\/span><\/p>\t\t\t\t<\/div>\n\t\t\t\t<\/div>\n\t\t\t\t\t<\/div>\n\t\t\t\t<\/div>\n\t\t<div class=\"elementor-element elementor-element-16ebe3c e-flex e-con-boxed e-con e-parent\" data-id=\"16ebe3c\" data-element_type=\"container\" data-e-type=\"container\">\n\t\t\t\t\t<div class=\"e-con-inner\">\n\t\t\t\t<div class=\"elementor-element elementor-element-3466146 elementor-widget elementor-widget-heading\" data-id=\"3466146\" data-element_type=\"widget\" data-e-type=\"widget\" data-widget_type=\"heading.default\">\n\t\t\t\t<div class=\"elementor-widget-container\">\n\t\t\t\t\t<h1 class=\"elementor-heading-title elementor-size-default\">Condiciones de uso del sitio web\n<\/h1>\t\t\t\t<\/div>\n\t\t\t\t<\/div>\n\t\t\t\t<div class=\"elementor-element elementor-element-a03010b elementor-widget elementor-widget-text-editor\" data-id=\"a03010b\" data-element_type=\"widget\" data-e-type=\"widget\" data-widget_type=\"text-editor.default\">\n\t\t\t\t<div class=\"elementor-widget-container\">\n\t\t\t\t\t\t\t\t\t<h2>1. T\u00e9rminos<\/h2><p>Al acceder a este sitio web, accesible desde deltacapitalgroup.com, aceptas quedar vinculado por estas Condiciones de uso del sitio web y aceptas que eres responsable de la conformidad con cualquier ley local aplicable. Si no est\u00e1s de acuerdo con alguno de estos t\u00e9rminos, se te proh\u00edbe acceder a este sitio. Los materiales contenidos en este Sitio Web est\u00e1n protegidos por la legislaci\u00f3n sobre derechos de autor y marcas registradas.  <\/p><h2>2. Licencia de uso<\/h2><p>Se concede permiso para descargar temporalmente una copia de los materiales del Sitio Web de Delta Capital Group s\u00f3lo para su visualizaci\u00f3n transitoria personal y no comercial. Se trata de la concesi\u00f3n de una licencia, no de una transferencia de titularidad, y en virtud de esta licencia no puedes: <\/p><ul><li>modificar o copiar los materiales;<\/li><li>utilizar los materiales para cualquier fin comercial o para cualquier exhibici\u00f3n p\u00fablica;<\/li><li>intentar aplicar ingenier\u00eda inversa a cualquier software contenido en el Sitio Web de Delta Capital Group;<\/li><li>eliminar de los materiales cualquier menci\u00f3n de derechos de autor u otros derechos de propiedad; o<\/li><li>transferir los materiales a otra persona o \u00abreflejar\u00bb los materiales en cualquier otro servidor.<\/li><\/ul><p>Esto permitir\u00e1 a Delta Capital Group rescindir en caso de violaci\u00f3n de cualquiera de estas restricciones. Tras la rescisi\u00f3n, tambi\u00e9n se rescindir\u00e1 tu derecho de visualizaci\u00f3n y deber\u00e1s destruir cualquier material descargado que est\u00e9 en tu posesi\u00f3n, ya sea en formato impreso o electr\u00f3nico. <\/p><h2>3. Descargo de responsabilidad<\/h2><p>Todos los materiales del Sitio Web de Delta Capital Group se proporcionan \u00abtal cual\u00bb. Delta Capital Group no ofrece garant\u00edas, ya sean expresas o impl\u00edcitas, por lo que niega cualquier otra garant\u00eda. Adem\u00e1s, Delta Capital Group no hace ninguna declaraci\u00f3n relativa a la exactitud o fiabilidad del uso de los materiales de su Sitio Web o relacionados de otro modo con dichos materiales o cualquier sitio vinculado a este Sitio Web.  <\/p><h2>4. Limitaciones<\/h2><p>Delta Capital Group o sus proveedores no ser\u00e1n responsables de los da\u00f1os que se deriven del uso o de la imposibilidad de usar los materiales del Sitio Web de Delta Capital Group, aunque Delta Capital Group o un representante autorizado de este Sitio Web haya sido notificado, verbalmente o por escrito, de la posibilidad de tales da\u00f1os. Algunas jurisdicciones no permiten limitaciones en las garant\u00edas impl\u00edcitas o limitaciones de responsabilidad por da\u00f1os incidentales, estas limitaciones pueden no aplicarse en tu caso. <\/p><h2>5. Revisiones y erratas<\/h2><p>Los materiales que aparecen en el Sitio Web de Delta Capital Group pueden incluir errores t\u00e9cnicos, tipogr\u00e1ficos o fotogr\u00e1ficos. Delta Capital Group no promete que ninguno de los materiales de este Sitio Web sea exacto, completo o actual. Delta Capital Group podr\u00e1 modificar los materiales contenidos en su Sitio Web en cualquier momento y sin previo aviso. Delta Capital Group no se compromete a actualizar los materiales.   <\/p><h2>6. Enlaces<\/h2><p>Delta Capital Group no ha revisado todos los sitios vinculados a su Sitio Web y no es responsable de los contenidos de ninguno de dichos sitios vinculados. La presencia de cualquier enlace no implica la aprobaci\u00f3n del sitio por parte de Delta Capital Group. El uso de cualquier sitio web enlazado corre por cuenta y riesgo del usuario.  <\/p><h2>7. Modificaciones de las condiciones de uso del sitio<\/h2><p>Delta Capital Group puede revisar estas Condiciones de Uso de su Sitio Web en cualquier momento y sin previo aviso. Al utilizar este Sitio Web, aceptas regirte por la versi\u00f3n actual de estas Condiciones de Uso. <\/p><h2>8. Tu intimidad<\/h2><p>Lee nuestra Pol\u00edtica de privacidad.<\/p><h2>9. Ley aplicable<\/h2><p>Cualquier reclamaci\u00f3n relacionada con el Sitio Web de Delta Capital Group se regir\u00e1 por las leyes de nuestro pa\u00eds, sin tener en cuenta sus disposiciones en materia de conflicto de leyes.<\/p><h2>10. T\u00e9rminos del SMS<\/h2><p>Delta Capital ofrece a nuestros clientes la opci\u00f3n de recibir notificaciones y actualizaciones por mensaje de texto en relaci\u00f3n con sus solicitudes de financiaci\u00f3n. La frecuencia de los mensajes var\u00eda. Pueden aplicarse tarifas de mensajes y datos. Env\u00eda HELP al 305-521-8719 para obtener ayuda. Responde STOP para darte de baja. Los transportistas no son responsables de los retrasos o mensajes no entregados.     <\/p>\t\t\t\t\t\t\t\t<\/div>\n\t\t\t\t<\/div>\n\t\t\t\t\t<\/div>\n\t\t\t\t<\/div>\n\t\t\t\t<\/div>\n\t\t","protected":false},"excerpt":{"rendered":"<p>Condiciones de uso del sitio web 1. T\u00e9rminos Al acceder a este sitio web, accesible desde deltacapitalgroup.com, aceptas quedar vinculado por estas Condiciones de uso del sitio web y aceptas que eres responsable de la conformidad con cualquier ley local aplicable. Si no est\u00e1s de acuerdo con alguno de estos t\u00e9rminos, se te proh\u00edbe acceder [&hellip;]<\/p>\n","protected":false},"author":2,"featured_media":0,"parent":0,"menu_order":0,"comment_status":"closed","ping_status":"closed","template":"","meta":{"_acf_changed":false,"footnotes":""},"class_list":["post-11460","page","type-page","status-publish","hentry"],"acf":{"assign_team":"no","representatives":[]},"yoast_head":"<!-- This site is optimized with the Yoast SEO plugin v27.3 - https:\/\/yoast.com\/product\/yoast-seo-wordpress\/ -->\n<title>Condiciones del servicio - Delta Capital Group<\/title>\n<meta name=\"robots\" content=\"index, follow, max-snippet:-1, max-image-preview:large, max-video-preview:-1\" \/>\n<link rel=\"canonical\" href=\"https:\/\/deltacapitalgroup.com\/es\/condiciones-del-servicio\/\" \/>\n<meta property=\"og:locale\" content=\"es_ES\" \/>\n<meta property=\"og:type\" content=\"article\" \/>\n<meta property=\"og:title\" content=\"Condiciones del servicio - Delta Capital Group\" \/>\n<meta property=\"og:description\" content=\"Condiciones de uso del sitio web 1. T\u00e9rminos Al acceder a este sitio web, accesible desde deltacapitalgroup.com, aceptas quedar vinculado por estas Condiciones de uso del sitio web y aceptas que eres responsable de la conformidad con cualquier ley local aplicable. Si no est\u00e1s de acuerdo con alguno de estos t\u00e9rminos, se te proh\u00edbe acceder [&hellip;]\" \/>\n<meta property=\"og:url\" content=\"https:\/\/deltacapitalgroup.com\/es\/condiciones-del-servicio\/\" \/>\n<meta property=\"og:site_name\" content=\"Delta Capital Group\" \/>\n<meta property=\"article:publisher\" content=\"https:\/\/facebook.com\/deltacapitalgrp\" \/>\n<meta property=\"article:modified_time\" content=\"2025-07-11T02:26:37+00:00\" \/>\n<meta name=\"twitter:card\" content=\"summary_large_image\" \/>\n<meta name=\"twitter:label1\" content=\"Tiempo de lectura\" \/>\n\t<meta name=\"twitter:data1\" content=\"4 minutos\" \/>\n<script type=\"application\/ld+json\" class=\"yoast-schema-graph\">{\"@context\":\"https:\\\/\\\/schema.org\",\"@graph\":[{\"@type\":\"WebPage\",\"@id\":\"https:\\\/\\\/deltacapitalgroup.com\\\/es\\\/condiciones-del-servicio\\\/\",\"url\":\"https:\\\/\\\/deltacapitalgroup.com\\\/es\\\/condiciones-del-servicio\\\/\",\"name\":\"Condiciones del servicio - Delta Capital Group\",\"isPartOf\":{\"@id\":\"https:\\\/\\\/deltacapitalgroup.com\\\/es\\\/#website\"},\"datePublished\":\"2024-11-08T10:35:53+00:00\",\"dateModified\":\"2025-07-11T02:26:37+00:00\",\"breadcrumb\":{\"@id\":\"https:\\\/\\\/deltacapitalgroup.com\\\/es\\\/condiciones-del-servicio\\\/#breadcrumb\"},\"inLanguage\":\"es\",\"potentialAction\":[{\"@type\":\"ReadAction\",\"target\":[\"https:\\\/\\\/deltacapitalgroup.com\\\/es\\\/condiciones-del-servicio\\\/\"]}]},{\"@type\":\"BreadcrumbList\",\"@id\":\"https:\\\/\\\/deltacapitalgroup.com\\\/es\\\/condiciones-del-servicio\\\/#breadcrumb\",\"itemListElement\":[{\"@type\":\"ListItem\",\"position\":1,\"name\":\"Inicio\",\"item\":\"https:\\\/\\\/deltacapitalgroup.com\\\/es\\\/inicio\\\/\"},{\"@type\":\"ListItem\",\"position\":2,\"name\":\"Condiciones del servicio\"}]},{\"@type\":\"WebSite\",\"@id\":\"https:\\\/\\\/deltacapitalgroup.com\\\/es\\\/#website\",\"url\":\"https:\\\/\\\/deltacapitalgroup.com\\\/es\\\/\",\"name\":\"Delta Capital Group\",\"description\":\"\",\"publisher\":{\"@id\":\"https:\\\/\\\/deltacapitalgroup.com\\\/es\\\/#organization\"},\"potentialAction\":[{\"@type\":\"SearchAction\",\"target\":{\"@type\":\"EntryPoint\",\"urlTemplate\":\"https:\\\/\\\/deltacapitalgroup.com\\\/es\\\/?s={search_term_string}\"},\"query-input\":{\"@type\":\"PropertyValueSpecification\",\"valueRequired\":true,\"valueName\":\"search_term_string\"}}],\"inLanguage\":\"es\"},{\"@type\":\"Organization\",\"@id\":\"https:\\\/\\\/deltacapitalgroup.com\\\/es\\\/#organization\",\"name\":\"Grupo Delta Capital\",\"url\":\"https:\\\/\\\/deltacapitalgroup.com\\\/es\\\/\",\"logo\":{\"@type\":\"ImageObject\",\"inLanguage\":\"es\",\"@id\":\"https:\\\/\\\/deltacapitalgroup.com\\\/es\\\/#\\\/schema\\\/logo\\\/image\\\/\",\"url\":\"https:\\\/\\\/deltacapitalgroup.com\\\/wp-content\\\/uploads\\\/2025\\\/08\\\/Delta-capital-Original-Color-scaled.png\",\"contentUrl\":\"https:\\\/\\\/deltacapitalgroup.com\\\/wp-content\\\/uploads\\\/2025\\\/08\\\/Delta-capital-Original-Color-scaled.png\",\"width\":2560,\"height\":850,\"caption\":\"Grupo Delta Capital\"},\"image\":{\"@id\":\"https:\\\/\\\/deltacapitalgroup.com\\\/es\\\/#\\\/schema\\\/logo\\\/image\\\/\"},\"sameAs\":[\"https:\\\/\\\/facebook.com\\\/deltacapitalgrp\"]}]}<\/script>\n<!-- \/ Yoast SEO plugin. -->","yoast_head_json":{"title":"Condiciones del servicio - Delta Capital Group","robots":{"index":"index","follow":"follow","max-snippet":"max-snippet:-1","max-image-preview":"max-image-preview:large","max-video-preview":"max-video-preview:-1"},"canonical":"https:\/\/deltacapitalgroup.com\/es\/condiciones-del-servicio\/","og_locale":"es_ES","og_type":"article","og_title":"Condiciones del servicio - Delta Capital Group","og_description":"Condiciones de uso del sitio web 1. T\u00e9rminos Al acceder a este sitio web, accesible desde deltacapitalgroup.com, aceptas quedar vinculado por estas Condiciones de uso del sitio web y aceptas que eres responsable de la conformidad con cualquier ley local aplicable. Si no est\u00e1s de acuerdo con alguno de estos t\u00e9rminos, se te proh\u00edbe acceder [&hellip;]","og_url":"https:\/\/deltacapitalgroup.com\/es\/condiciones-del-servicio\/","og_site_name":"Delta Capital Group","article_publisher":"https:\/\/facebook.com\/deltacapitalgrp","article_modified_time":"2025-07-11T02:26:37+00:00","twitter_card":"summary_large_image","twitter_misc":{"Tiempo de lectura":"4 minutos"},"schema":{"@context":"https:\/\/schema.org","@graph":[{"@type":"WebPage","@id":"https:\/\/deltacapitalgroup.com\/es\/condiciones-del-servicio\/","url":"https:\/\/deltacapitalgroup.com\/es\/condiciones-del-servicio\/","name":"Condiciones del servicio - Delta Capital Group","isPartOf":{"@id":"https:\/\/deltacapitalgroup.com\/es\/#website"},"datePublished":"2024-11-08T10:35:53+00:00","dateModified":"2025-07-11T02:26:37+00:00","breadcrumb":{"@id":"https:\/\/deltacapitalgroup.com\/es\/condiciones-del-servicio\/#breadcrumb"},"inLanguage":"es","potentialAction":[{"@type":"ReadAction","target":["https:\/\/deltacapitalgroup.com\/es\/condiciones-del-servicio\/"]}]},{"@type":"BreadcrumbList","@id":"https:\/\/deltacapitalgroup.com\/es\/condiciones-del-servicio\/#breadcrumb","itemListElement":[{"@type":"ListItem","position":1,"name":"Inicio","item":"https:\/\/deltacapitalgroup.com\/es\/inicio\/"},{"@type":"ListItem","position":2,"name":"Condiciones del servicio"}]},{"@type":"WebSite","@id":"https:\/\/deltacapitalgroup.com\/es\/#website","url":"https:\/\/deltacapitalgroup.com\/es\/","name":"Delta Capital Group","description":"","publisher":{"@id":"https:\/\/deltacapitalgroup.com\/es\/#organization"},"potentialAction":[{"@type":"SearchAction","target":{"@type":"EntryPoint","urlTemplate":"https:\/\/deltacapitalgroup.com\/es\/?s={search_term_string}"},"query-input":{"@type":"PropertyValueSpecification","valueRequired":true,"valueName":"search_term_string"}}],"inLanguage":"es"},{"@type":"Organization","@id":"https:\/\/deltacapitalgroup.com\/es\/#organization","name":"Grupo Delta Capital","url":"https:\/\/deltacapitalgroup.com\/es\/","logo":{"@type":"ImageObject","inLanguage":"es","@id":"https:\/\/deltacapitalgroup.com\/es\/#\/schema\/logo\/image\/","url":"https:\/\/deltacapitalgroup.com\/wp-content\/uploads\/2025\/08\/Delta-capital-Original-Color-scaled.png","contentUrl":"https:\/\/deltacapitalgroup.com\/wp-content\/uploads\/2025\/08\/Delta-capital-Original-Color-scaled.png","width":2560,"height":850,"caption":"Grupo Delta Capital"},"image":{"@id":"https:\/\/deltacapitalgroup.com\/es\/#\/schema\/logo\/image\/"},"sameAs":["https:\/\/facebook.com\/deltacapitalgrp"]}]}},"_links":{"self":[{"href":"https:\/\/deltacapitalgroup.com\/es\/wp-json\/wp\/v2\/pages\/11460","targetHints":{"allow":["GET"]}}],"collection":[{"href":"https:\/\/deltacapitalgroup.com\/es\/wp-json\/wp\/v2\/pages"}],"about":[{"href":"https:\/\/deltacapitalgroup.com\/es\/wp-json\/wp\/v2\/types\/page"}],"author":[{"embeddable":true,"href":"https:\/\/deltacapitalgroup.com\/es\/wp-json\/wp\/v2\/users\/2"}],"replies":[{"embeddable":true,"href":"https:\/\/deltacapitalgroup.com\/es\/wp-json\/wp\/v2\/comments?post=11460"}],"version-history":[{"count":1,"href":"https:\/\/deltacapitalgroup.com\/es\/wp-json\/wp\/v2\/pages\/11460\/revisions"}],"predecessor-version":[{"id":11462,"href":"https:\/\/deltacapitalgroup.com\/es\/wp-json\/wp\/v2\/pages\/11460\/revisions\/11462"}],"wp:attachment":[{"href":"https:\/\/deltacapitalgroup.com\/es\/wp-json\/wp\/v2\/media?parent=11460"}],"curies":[{"name":"wp","href":"https:\/\/api.w.org\/{rel}","templated":true}]}}