{"id":11455,"date":"2024-11-08T10:53:53","date_gmt":"2024-11-08T15:53:53","guid":{"rendered":"https:\/\/deltacapitalgroup.com\/condiciones-de-inscripcion\/"},"modified":"2025-07-10T22:26:35","modified_gmt":"2025-07-11T02:26:35","slug":"condiciones-de-inscripcion","status":"publish","type":"page","link":"https:\/\/deltacapitalgroup.com\/es\/condiciones-de-inscripcion\/","title":{"rendered":"Condiciones de inscripci\u00f3n"},"content":{"rendered":"\t\t<div data-elementor-type=\"wp-page\" data-elementor-id=\"11455\" class=\"elementor elementor-11455 elementor-4042\" data-elementor-post-type=\"page\">\n\t\t\t\t<div class=\"elementor-element elementor-element-579167a e-flex e-con-boxed e-con e-parent\" data-id=\"579167a\" data-element_type=\"container\" data-e-type=\"container\" data-settings=\"{&quot;background_background&quot;:&quot;classic&quot;}\">\n\t\t\t\t\t<div class=\"e-con-inner\">\n\t\t\t\t<div class=\"elementor-element elementor-element-c73bf61 elementor-align-center elementor-widget elementor-widget-breadcrumbs\" data-id=\"c73bf61\" data-element_type=\"widget\" data-e-type=\"widget\" data-widget_type=\"breadcrumbs.default\">\n\t\t\t\t<div class=\"elementor-widget-container\">\n\t\t\t\t\t<p id=\"breadcrumbs\"><span><span><a href=\"https:\/\/deltacapitalgroup.com\/es\/inicio\/\">Inicio<\/a><\/span><\/span><\/p>\t\t\t\t<\/div>\n\t\t\t\t<\/div>\n\t\t\t\t\t<\/div>\n\t\t\t\t<\/div>\n\t\t<div class=\"elementor-element elementor-element-16ebe3c e-flex e-con-boxed e-con e-parent\" data-id=\"16ebe3c\" data-element_type=\"container\" data-e-type=\"container\">\n\t\t\t\t\t<div class=\"e-con-inner\">\n\t\t\t\t<div class=\"elementor-element elementor-element-3466146 elementor-widget elementor-widget-heading\" data-id=\"3466146\" data-element_type=\"widget\" data-e-type=\"widget\" data-widget_type=\"heading.default\">\n\t\t\t\t<div class=\"elementor-widget-container\">\n\t\t\t\t\t<h2 class=\"elementor-heading-title elementor-size-default\">Condiciones de registro de Delta Capital Group<\/h2>\t\t\t\t<\/div>\n\t\t\t\t<\/div>\n\t\t\t\t<div class=\"elementor-element elementor-element-a03010b elementor-widget elementor-widget-text-editor\" data-id=\"a03010b\" data-element_type=\"widget\" data-e-type=\"widget\" data-widget_type=\"text-editor.default\">\n\t\t\t\t<div class=\"elementor-widget-container\">\n\t\t\t\t\t\t\t\t\t<ol><li>Introducci\u00f3n: Estas condiciones de registro (las \u00abCondiciones\u00bb) rigen el uso de los sitios web, productos y servicios de Delta Capital Group (colectivamente, los \u00abServicios\u00bb). Al acceder o utilizar los Servicios, aceptas quedar vinculado por estas Condiciones. Si no aceptas estas Condiciones, no utilices los Servicios.  <\/li><li>Elegibilidad: Para utilizar los Servicios, debes ser mayor de 18 a\u00f1os y tener capacidad para suscribir un acuerdo legalmente vinculante. Si utilizas los Servicios en nombre de una empresa u otra entidad jur\u00eddica, declaras que tienes autoridad para vincular a dicha entidad a estas Condiciones. <\/li><li>Cuentas de usuario: Para utilizar determinadas funciones de los Servicios, es posible que se te pida que crees una cuenta de usuario. Aceptas proporcionar informaci\u00f3n precisa, actual y completa durante el proceso de registro y actualizar tu informaci\u00f3n seg\u00fan sea necesario para mantener su exactitud. Eres el \u00fanico responsable de mantener la confidencialidad de las credenciales de tu cuenta y de todas las actividades que ocurran bajo tu cuenta.  <\/li><li>Conducta del Usuario: Te comprometes a utilizar los Servicios \u00fanicamente con fines l\u00edcitos y de conformidad con estas Condiciones. No utilizar\u00e1s los Servicios (a) para cargar, publicar o transmitir de cualquier otro modo cualquier material que sea ilegal, da\u00f1ino, amenazador, abusivo, acosador, torticero, difamatorio, vulgar, obsceno, calumnioso, invasivo de la privacidad ajena, odioso o censurable por motivos raciales, \u00e9tnicos o de cualquier otro tipo; (b) cargar, publicar o transmitir de cualquier otro modo cualquier material que no tengas derecho a transmitir en virtud de cualquier ley o de relaciones contractuales o fiduciarias; o (c) cargar, publicar o transmitir de cualquier otro modo cualquier material que infrinja cualquier patente, marca registrada, secreto comercial, derecho de autor u otros derechos de propiedad de cualquier parte.    <\/li><li>Propiedad intelectual: Los Servicios y todo el contenido, software y otros materiales incluidos en los Servicios o accesibles a trav\u00e9s de los mismos, incluidos, entre otros, texto, gr\u00e1ficos, logotipos, iconos de botones, im\u00e1genes, clips de audio, descargas digitales y compilaciones de datos, son propiedad de Delta Capital Group o de sus licenciantes y est\u00e1n protegidos por las leyes estadounidenses e internacionales sobre derechos de autor y marcas registradas.<\/li><li>Modificaciones de las Condiciones y Servicios: Delta Capital Group se reserva el derecho a modificar estas Condiciones en cualquier momento, y dichas modificaciones entrar\u00e1n en vigor en el momento de la publicaci\u00f3n de las Condiciones modificadas en los Servicios. Delta Capital Group tambi\u00e9n se reserva el derecho a modificar o interrumpir, temporal o permanentemente, los Servicios, o cualquier parte de los mismos, con o sin previo aviso. <\/li><li>Exclusi\u00f3n de garant\u00edas: LOS SERVICIOS SE PRESTAN \u00abTAL CUAL\u00bb Y \u00abSEG\u00daN DISPONIBILIDAD\u00bb. DELTA CAPITAL GROUP RENUNCIA A TODAS LAS GARANT\u00cdAS, EXPRESAS O IMPL\u00cdCITAS, INCLUIDAS, SIN LIMITACI\u00d3N, LAS GARANT\u00cdAS IMPL\u00cdCITAS DE COMERCIABILIDAD, IDONEIDAD PARA UN FIN DETERMINADO Y NO INFRACCI\u00d3N. <\/li><li>Limitaci\u00f3n de responsabilidad: EN NING\u00daN CASO DELTA CAPITAL GROUP SER\u00c1 RESPONSABLE DE NING\u00daN DA\u00d1O DIRECTO, INDIRECTO, PUNITIVO, INCIDENTAL, ESPECIAL O CONSECUENTE QUE SURJA O EST\u00c9 RELACIONADO DE ALG\u00daN MODO CON EL USO DE LOS SERVICIOS, O DE CUALQUIER INFORMACI\u00d3N, SOFTWARE, PRODUCTOS Y SERVICIOS OBTENIDOS A TRAV\u00c9S DE LOS SERVICIOS, O QUE SURJA DE ALG\u00daN OTRO MODO DEL USO DE LOS SERVICIOS, YA SEA POR CONTRATO, AGRAVIO, RESPONSABILIDAD ESTRICTA O DE OTRO MODO, INCLUSO SI DELTA CAPITAL GROUP HA SIDO ADVERTIDO DE LA POSIBILIDAD DE DICHOS DA\u00d1OS.<\/li><\/ol>\t\t\t\t\t\t\t\t<\/div>\n\t\t\t\t<\/div>\n\t\t\t\t\t<\/div>\n\t\t\t\t<\/div>\n\t\t\t\t<\/div>\n\t\t","protected":false},"excerpt":{"rendered":"<p>Condiciones de registro de Delta Capital Group Introducci\u00f3n: Estas condiciones de registro (las \u00abCondiciones\u00bb) rigen el uso de los sitios web, productos y servicios de Delta Capital Group (colectivamente, los \u00abServicios\u00bb). Al acceder o utilizar los Servicios, aceptas quedar vinculado por estas Condiciones. Si no aceptas estas Condiciones, no utilices los Servicios. Elegibilidad: Para utilizar [&hellip;]<\/p>\n","protected":false},"author":2,"featured_media":0,"parent":0,"menu_order":0,"comment_status":"closed","ping_status":"closed","template":"","meta":{"_acf_changed":false,"footnotes":""},"class_list":["post-11455","page","type-page","status-publish","hentry"],"acf":{"assign_team":"no","representatives":[]},"yoast_head":"<!-- This site is optimized with the Yoast SEO plugin v27.3 - https:\/\/yoast.com\/product\/yoast-seo-wordpress\/ -->\n<title>Condiciones de inscripci\u00f3n - Delta Capital Group<\/title>\n<meta name=\"robots\" content=\"index, follow, max-snippet:-1, max-image-preview:large, max-video-preview:-1\" \/>\n<link rel=\"canonical\" href=\"https:\/\/deltacapitalgroup.com\/es\/condiciones-de-inscripcion\/\" \/>\n<meta property=\"og:locale\" content=\"es_ES\" \/>\n<meta property=\"og:type\" content=\"article\" \/>\n<meta property=\"og:title\" content=\"Condiciones de inscripci\u00f3n - Delta Capital Group\" \/>\n<meta property=\"og:description\" content=\"Condiciones de registro de Delta Capital Group Introducci\u00f3n: Estas condiciones de registro (las \u00abCondiciones\u00bb) rigen el uso de los sitios web, productos y servicios de Delta Capital Group (colectivamente, los \u00abServicios\u00bb). Al acceder o utilizar los Servicios, aceptas quedar vinculado por estas Condiciones. Si no aceptas estas Condiciones, no utilices los Servicios. Elegibilidad: Para utilizar [&hellip;]\" \/>\n<meta property=\"og:url\" content=\"https:\/\/deltacapitalgroup.com\/es\/condiciones-de-inscripcion\/\" \/>\n<meta property=\"og:site_name\" content=\"Delta Capital Group\" \/>\n<meta property=\"article:publisher\" content=\"https:\/\/facebook.com\/deltacapitalgrp\" \/>\n<meta property=\"article:modified_time\" content=\"2025-07-11T02:26:35+00:00\" \/>\n<meta name=\"twitter:card\" content=\"summary_large_image\" \/>\n<meta name=\"twitter:label1\" content=\"Tiempo de lectura\" \/>\n\t<meta name=\"twitter:data1\" content=\"3 minutos\" \/>\n<script type=\"application\/ld+json\" class=\"yoast-schema-graph\">{\"@context\":\"https:\\\/\\\/schema.org\",\"@graph\":[{\"@type\":\"WebPage\",\"@id\":\"https:\\\/\\\/deltacapitalgroup.com\\\/es\\\/condiciones-de-inscripcion\\\/\",\"url\":\"https:\\\/\\\/deltacapitalgroup.com\\\/es\\\/condiciones-de-inscripcion\\\/\",\"name\":\"Condiciones de inscripci\u00f3n - Delta Capital Group\",\"isPartOf\":{\"@id\":\"https:\\\/\\\/deltacapitalgroup.com\\\/es\\\/#website\"},\"datePublished\":\"2024-11-08T15:53:53+00:00\",\"dateModified\":\"2025-07-11T02:26:35+00:00\",\"breadcrumb\":{\"@id\":\"https:\\\/\\\/deltacapitalgroup.com\\\/es\\\/condiciones-de-inscripcion\\\/#breadcrumb\"},\"inLanguage\":\"es\",\"potentialAction\":[{\"@type\":\"ReadAction\",\"target\":[\"https:\\\/\\\/deltacapitalgroup.com\\\/es\\\/condiciones-de-inscripcion\\\/\"]}]},{\"@type\":\"BreadcrumbList\",\"@id\":\"https:\\\/\\\/deltacapitalgroup.com\\\/es\\\/condiciones-de-inscripcion\\\/#breadcrumb\",\"itemListElement\":[{\"@type\":\"ListItem\",\"position\":1,\"name\":\"Inicio\",\"item\":\"https:\\\/\\\/deltacapitalgroup.com\\\/es\\\/inicio\\\/\"},{\"@type\":\"ListItem\",\"position\":2,\"name\":\"Condiciones de inscripci\u00f3n\"}]},{\"@type\":\"WebSite\",\"@id\":\"https:\\\/\\\/deltacapitalgroup.com\\\/es\\\/#website\",\"url\":\"https:\\\/\\\/deltacapitalgroup.com\\\/es\\\/\",\"name\":\"Delta Capital Group\",\"description\":\"\",\"publisher\":{\"@id\":\"https:\\\/\\\/deltacapitalgroup.com\\\/es\\\/#organization\"},\"potentialAction\":[{\"@type\":\"SearchAction\",\"target\":{\"@type\":\"EntryPoint\",\"urlTemplate\":\"https:\\\/\\\/deltacapitalgroup.com\\\/es\\\/?s={search_term_string}\"},\"query-input\":{\"@type\":\"PropertyValueSpecification\",\"valueRequired\":true,\"valueName\":\"search_term_string\"}}],\"inLanguage\":\"es\"},{\"@type\":\"Organization\",\"@id\":\"https:\\\/\\\/deltacapitalgroup.com\\\/es\\\/#organization\",\"name\":\"Grupo Delta Capital\",\"url\":\"https:\\\/\\\/deltacapitalgroup.com\\\/es\\\/\",\"logo\":{\"@type\":\"ImageObject\",\"inLanguage\":\"es\",\"@id\":\"https:\\\/\\\/deltacapitalgroup.com\\\/es\\\/#\\\/schema\\\/logo\\\/image\\\/\",\"url\":\"https:\\\/\\\/deltacapitalgroup.com\\\/wp-content\\\/uploads\\\/2025\\\/08\\\/Delta-capital-Original-Color-scaled.png\",\"contentUrl\":\"https:\\\/\\\/deltacapitalgroup.com\\\/wp-content\\\/uploads\\\/2025\\\/08\\\/Delta-capital-Original-Color-scaled.png\",\"width\":2560,\"height\":850,\"caption\":\"Grupo Delta Capital\"},\"image\":{\"@id\":\"https:\\\/\\\/deltacapitalgroup.com\\\/es\\\/#\\\/schema\\\/logo\\\/image\\\/\"},\"sameAs\":[\"https:\\\/\\\/facebook.com\\\/deltacapitalgrp\"]}]}<\/script>\n<!-- \/ Yoast SEO plugin. -->","yoast_head_json":{"title":"Condiciones de inscripci\u00f3n - Delta Capital Group","robots":{"index":"index","follow":"follow","max-snippet":"max-snippet:-1","max-image-preview":"max-image-preview:large","max-video-preview":"max-video-preview:-1"},"canonical":"https:\/\/deltacapitalgroup.com\/es\/condiciones-de-inscripcion\/","og_locale":"es_ES","og_type":"article","og_title":"Condiciones de inscripci\u00f3n - Delta Capital Group","og_description":"Condiciones de registro de Delta Capital Group Introducci\u00f3n: Estas condiciones de registro (las \u00abCondiciones\u00bb) rigen el uso de los sitios web, productos y servicios de Delta Capital Group (colectivamente, los \u00abServicios\u00bb). Al acceder o utilizar los Servicios, aceptas quedar vinculado por estas Condiciones. Si no aceptas estas Condiciones, no utilices los Servicios. Elegibilidad: Para utilizar [&hellip;]","og_url":"https:\/\/deltacapitalgroup.com\/es\/condiciones-de-inscripcion\/","og_site_name":"Delta Capital Group","article_publisher":"https:\/\/facebook.com\/deltacapitalgrp","article_modified_time":"2025-07-11T02:26:35+00:00","twitter_card":"summary_large_image","twitter_misc":{"Tiempo de lectura":"3 minutos"},"schema":{"@context":"https:\/\/schema.org","@graph":[{"@type":"WebPage","@id":"https:\/\/deltacapitalgroup.com\/es\/condiciones-de-inscripcion\/","url":"https:\/\/deltacapitalgroup.com\/es\/condiciones-de-inscripcion\/","name":"Condiciones de inscripci\u00f3n - Delta Capital Group","isPartOf":{"@id":"https:\/\/deltacapitalgroup.com\/es\/#website"},"datePublished":"2024-11-08T15:53:53+00:00","dateModified":"2025-07-11T02:26:35+00:00","breadcrumb":{"@id":"https:\/\/deltacapitalgroup.com\/es\/condiciones-de-inscripcion\/#breadcrumb"},"inLanguage":"es","potentialAction":[{"@type":"ReadAction","target":["https:\/\/deltacapitalgroup.com\/es\/condiciones-de-inscripcion\/"]}]},{"@type":"BreadcrumbList","@id":"https:\/\/deltacapitalgroup.com\/es\/condiciones-de-inscripcion\/#breadcrumb","itemListElement":[{"@type":"ListItem","position":1,"name":"Inicio","item":"https:\/\/deltacapitalgroup.com\/es\/inicio\/"},{"@type":"ListItem","position":2,"name":"Condiciones de inscripci\u00f3n"}]},{"@type":"WebSite","@id":"https:\/\/deltacapitalgroup.com\/es\/#website","url":"https:\/\/deltacapitalgroup.com\/es\/","name":"Delta Capital Group","description":"","publisher":{"@id":"https:\/\/deltacapitalgroup.com\/es\/#organization"},"potentialAction":[{"@type":"SearchAction","target":{"@type":"EntryPoint","urlTemplate":"https:\/\/deltacapitalgroup.com\/es\/?s={search_term_string}"},"query-input":{"@type":"PropertyValueSpecification","valueRequired":true,"valueName":"search_term_string"}}],"inLanguage":"es"},{"@type":"Organization","@id":"https:\/\/deltacapitalgroup.com\/es\/#organization","name":"Grupo Delta Capital","url":"https:\/\/deltacapitalgroup.com\/es\/","logo":{"@type":"ImageObject","inLanguage":"es","@id":"https:\/\/deltacapitalgroup.com\/es\/#\/schema\/logo\/image\/","url":"https:\/\/deltacapitalgroup.com\/wp-content\/uploads\/2025\/08\/Delta-capital-Original-Color-scaled.png","contentUrl":"https:\/\/deltacapitalgroup.com\/wp-content\/uploads\/2025\/08\/Delta-capital-Original-Color-scaled.png","width":2560,"height":850,"caption":"Grupo Delta Capital"},"image":{"@id":"https:\/\/deltacapitalgroup.com\/es\/#\/schema\/logo\/image\/"},"sameAs":["https:\/\/facebook.com\/deltacapitalgrp"]}]}},"_links":{"self":[{"href":"https:\/\/deltacapitalgroup.com\/es\/wp-json\/wp\/v2\/pages\/11455","targetHints":{"allow":["GET"]}}],"collection":[{"href":"https:\/\/deltacapitalgroup.com\/es\/wp-json\/wp\/v2\/pages"}],"about":[{"href":"https:\/\/deltacapitalgroup.com\/es\/wp-json\/wp\/v2\/types\/page"}],"author":[{"embeddable":true,"href":"https:\/\/deltacapitalgroup.com\/es\/wp-json\/wp\/v2\/users\/2"}],"replies":[{"embeddable":true,"href":"https:\/\/deltacapitalgroup.com\/es\/wp-json\/wp\/v2\/comments?post=11455"}],"version-history":[{"count":1,"href":"https:\/\/deltacapitalgroup.com\/es\/wp-json\/wp\/v2\/pages\/11455\/revisions"}],"predecessor-version":[{"id":11456,"href":"https:\/\/deltacapitalgroup.com\/es\/wp-json\/wp\/v2\/pages\/11455\/revisions\/11456"}],"wp:attachment":[{"href":"https:\/\/deltacapitalgroup.com\/es\/wp-json\/wp\/v2\/media?parent=11455"}],"curies":[{"name":"wp","href":"https:\/\/api.w.org\/{rel}","templated":true}]}}